{"id":3616,"date":"2024-10-11T11:16:48","date_gmt":"2024-10-11T08:16:48","guid":{"rendered":"https:\/\/daylapu.lv\/privacy-policy"},"modified":"2024-12-08T20:01:19","modified_gmt":"2024-12-08T18:01:19","slug":"privatuma-politika","status":"publish","type":"page","link":"https:\/\/daylapu.lv\/lv\/privatuma-politika","title":{"rendered":"Priv\u0101tuma politika"},"content":{"rendered":"\t\t<div data-elementor-type=\"wp-page\" data-elementor-id=\"3616\" class=\"elementor elementor-3616 elementor-3\">\n\t\t\t\t\t\t<section class=\"elementor-section elementor-top-section elementor-element elementor-element-5eda4750 pbmit-col-stretched-none pbmit-bg-color-over-image elementor-section-boxed elementor-section-height-default elementor-section-height-default\" data-id=\"5eda4750\" data-element_type=\"section\">\n\t\t\t\t\t\t<div class=\"elementor-container elementor-column-gap-default\">\n\t\t\t\t\t<div class=\"elementor-column elementor-col-100 elementor-top-column elementor-element elementor-element-104b1718 pbmit-bg-color-over-image\" data-id=\"104b1718\" data-element_type=\"column\">\n\t\t\t<div class=\"elementor-widget-wrap elementor-element-populated\">\n\t\t\t\t\t\t<div class=\"elementor-element elementor-element-1b413e12 elementor-widget elementor-widget-text-editor\" data-id=\"1b413e12\" data-element_type=\"widget\" data-widget_type=\"text-editor.default\">\n\t\t\t\t<div class=\"elementor-widget-container\">\n\t\t\t\t\t\t\t<h4>Priv\u0101tuma politika<\/h4><p>\u0160\u012b priv\u0101tuma politika apraksta, k\u0101 j\u016bsu personas dati tiek apstr\u0101d\u0101ti un aizsarg\u0101ti m\u016bsu vietn\u0113 <a href=\"https:\/\/daylapu.lv\/\">https:\/\/daylapu.lv\/<\/a>. M\u0113s esam bezpe\u013c\u0146as organiz\u0101cija, kas nodarbojas ar dz\u012bvnieku gl\u0101b\u0161anu, un esam ap\u0146\u0113mu\u0161ies aizsarg\u0101t j\u016bsu personas datus saska\u0146\u0101 ar Latvijas un Eiropas Savien\u012bbas likumiem.<\/p><h2>\u00a01. Personas datu iev\u0101k\u0161ana un izmanto\u0161ana<\/h2><p>M\u0113s iev\u0101cam un apstr\u0101d\u0101jam \u0161\u0101dus personas datus:<\/p><p><strong>V\u0101rds un uzv\u0101rds<\/strong> \u2013 lai identific\u0113tu j\u016bs k\u0101 m\u016bsu atbalst\u012bt\u0101ju, br\u012bvpr\u0101t\u012bgo vai partneri.<br \/><strong>Kontaktinform\u0101cija<\/strong> (e-pasts, telefona numurs) \u2013 sazi\u0146ai par dz\u012bvnieku gl\u0101b\u0161anas aktivit\u0101t\u0113m, inform\u0113\u0161anai par jaunajiem projektiem un pas\u0101kumiem, k\u0101 ar\u012b citu svar\u012bgu inform\u0101ciju.<br \/><strong>Adrese<\/strong> (ja nepiecie\u0161ams) \u2013 s\u016bt\u012bjumu nodro\u0161in\u0101\u0161anai vai citu nepiecie\u0161amu aktivit\u0101\u0161u veik\u0161anai.<br \/><strong>Maks\u0101jumu inform\u0101cija<\/strong> \u2013 ja j\u016bs izv\u0113laties veikt ziedojumu m\u016bsu organiz\u0101cijai, maks\u0101jumu apstr\u0101dei m\u0113s izmantojam dro\u0161us maks\u0101jumu apstr\u0101des pakalpojumu sniedz\u0113jus.<\/p><p>Dati tiek izmantoti tikai iepriek\u0161min\u0113tajiem nol\u016bkiem un tikai ar j\u016bsu piekri\u0161anu.<\/p><h2>\u00a02. Datu uzglab\u0101\u0161ana un aizsardz\u012bba<\/h2><p>M\u0113s uzglab\u0101jam j\u016bsu datus tik ilgi, cik tas nepiecie\u0161ams datu apstr\u0101des nol\u016bku sasnieg\u0161anai, vai kam\u0113r to prasa ties\u012bbu akti. M\u0113s izmantojam atbilsto\u0161us tehniskus un organizatoriskus l\u012bdzek\u013cus, lai aizsarg\u0101tu j\u016bsu datus pret nesankcion\u0113tu piek\u013cuvi, izmai\u0146\u0101m, izpau\u0161anu vai izn\u012bcin\u0101\u0161anu.<\/p><h2>\u00a03. Datu koplieto\u0161ana ar tre\u0161aj\u0101m pus\u0113m<\/h2><p>J\u016bsu personas dati netiek izpausti tre\u0161aj\u0101m person\u0101m, iz\u0146emot gad\u012bjumus, kad to pieprasa likums vai ja tas nepiecie\u0161ams m\u016bsu darb\u012bbas nodro\u0161in\u0101\u0161anai (piem\u0113ram, maks\u0101jumu apstr\u0101des pakalpojumiem vai ja j\u016bs esat devis piekri\u0161anu koplieto\u0161anai).<\/p><h2>\u00a04. S\u012bkdatnes (Cookies)<\/h2><p>M\u016bsu vietne izmanto s\u012bkdatnes, lai uzlabotu j\u016bsu pieredzi vietnes lieto\u0161an\u0101 un personaliz\u0113tu saturu. J\u016bs varat kontrol\u0113t un main\u012bt s\u012bkdat\u0146u iestat\u012bjumus sav\u0101 p\u0101rl\u016bkprogramm\u0101.<\/p><p>Ja j\u016bs atst\u0101jat koment\u0101ru m\u016bsu vietn\u0113, varat izv\u0113l\u0113ties saglab\u0101t savu v\u0101rdu, e-pasta adresi un vietnes adresi s\u012bkdatn\u0113s. \u0160\u012b iesp\u0113ja paredz\u0113ta j\u016bsu \u0113rt\u012bb\u0101m, lai jums neb\u016btu atk\u0101rtoti j\u0101ievada savi dati, ja v\u0113laties atst\u0101t citu koment\u0101ru. \u0160\u012bs s\u012bkdatnes tiek uzglab\u0101tas vienu gadu.<\/p><h2>5. Koment\u0101ri<\/h2><p>Kad apmekl\u0113t\u0101ji atst\u0101j koment\u0101rus vietn\u0113, m\u0113s iev\u0101cam datus, kas nor\u0101d\u012bti koment\u0101ra form\u0101, k\u0101 ar\u012b apmekl\u0113t\u0101ja IP adresi un p\u0101rl\u016bkprogrammas user-agent inform\u0101ciju, lai pal\u012bdz\u0113tu atkl\u0101t surog\u0101tpastu. Anonimiz\u0113ta virkne, kas izveidota no j\u016bsu e-pasta adreses (saukta ar\u012b par hash), var tikt sniegta Gravatar pakalpojumam, lai p\u0101rbaud\u012btu, vai j\u016bs to izmantojat. Gravatar priv\u0101tuma politika ir pieejama \u0161eit: <a href=\"https:\/\/automattic.com\/privacy\/\">https:\/\/automattic.com\/privacy\/<\/a>. P\u0113c j\u016bsu koment\u0101ra apstiprin\u0101\u0161anas j\u016bsu profila att\u0113ls b\u016bs publiski redzams koment\u0101ra kontekst\u0101.<\/p><h2>\u00a06. Multivide<\/h2><p>Ja aug\u0161upiel\u0101d\u0113jat att\u0113lus vietn\u0113, iesak\u0101m izvair\u012bties no att\u0113lu aug\u0161upiel\u0101des ar iestr\u0101d\u0101tu atra\u0161an\u0101s vietas inform\u0101ciju (EXIF GPS). Vietnes apmekl\u0113t\u0101ji var lejupiel\u0101d\u0113t un ieg\u016bt jebkuru atra\u0161an\u0101s vietas inform\u0101ciju no att\u0113liem vietn\u0113.<\/p><h2>\u00a07. Iegultais saturs no cit\u0101m vietn\u0113m<\/h2><p>Raksti \u0161aj\u0101 vietn\u0113 var ietvert iegulto saturu (piem\u0113ram, video, att\u0113lus, rakstus u.c.). Iegultais saturs no cit\u0101m vietn\u0113m uzvedas t\u0101pat, it k\u0101 apmekl\u0113t\u0101js b\u016btu apmekl\u0113jis \u0161o citu vietni. \u0160\u012bs vietnes var iev\u0101kt datus par jums, izmantot s\u012bkdatnes, iesaist\u012bt tre\u0161\u0101s puses izseko\u0161an\u0101 un sekot j\u016bsu mijiedarb\u012bbai ar \u0161o iegulto saturu, tostarp izsekojot j\u016bsu mijiedarb\u012bbai, ja jums ir konts un j\u016bs esat pieteicies \u0161aj\u0101 vietn\u0113.<\/p><h2>8. J\u016bsu ties\u012bbas<\/h2><p>Jums ir ties\u012bbas piepras\u012bt piek\u013cuvi j\u016bsu datiem, labot tos vai dz\u0113st. J\u016bs ar\u012b varat atsaukt savu piekri\u0161anu datu apstr\u0101dei jebkur\u0101 laik\u0101. Lai izmantotu savas ties\u012bbas, l\u016bdzu, sazinieties ar mums, izmantojot zem\u0101k nor\u0101d\u012bto kontaktinform\u0101ciju.<\/p><h2>\u00a09. Izmai\u0146as priv\u0101tuma politik\u0101<\/h2><p>M\u0113s regul\u0101ri p\u0101rskat\u0101m un varam atjaunin\u0101t \u0161o priv\u0101tuma politiku, lai t\u0101 atbilstu aktu\u0101laj\u0101m ties\u012bbu norm\u0101m un m\u016bsu darb\u012bb\u0101m. Visas izmai\u0146as tiks public\u0113tas \u0161aj\u0101 lap\u0101.<\/p><h2>\u00a010. Kontaktinform\u0101cija<\/h2><p>Ja jums ir jaut\u0101jumi par \u0161o priv\u0101tuma politiku vai v\u0113laties sazin\u0101ties ar mums, l\u016bdzu, rakstiet uz e-pastu: volonter.riga@gmail.com vai zvaniet uz t\u0101lruni: +(371) 26 553 924<\/p><p><strong>Paldies, ka uzticat mums savus personas datus un atbalst\u0101t m\u016bsu misiju dz\u012bvnieku gl\u0101b\u0161an\u0101!<\/strong><\/p>\t\t\t\t\t\t<\/div>\n\t\t\t\t<\/div>\n\t\t\t\t\t<\/div>\n\t\t<\/div>\n\t\t\t\t\t<\/div>\n\t\t<\/section>\n\t\t\t\t<\/div>\n\t\t","protected":false},"excerpt":{"rendered":"<p>Priv\u0101tuma politika \u0160\u012b priv\u0101tuma politika apraksta, k\u0101 j\u016bsu personas dati tiek apstr\u0101d\u0101ti un aizsarg\u0101ti m\u016bsu vietn\u0113 https:\/\/daylapu.lv\/. M\u0113s esam bezpe\u013c\u0146as organiz\u0101cija, kas nodarbojas ar dz\u012bvnieku gl\u0101b\u0161anu, un esam ap\u0146\u0113mu\u0161ies aizsarg\u0101t j\u016bsu personas datus saska\u0146\u0101 ar Latvijas un Eiropas Savien\u012bbas likumiem. \u00a01. Personas datu iev\u0101k\u0161ana un izmanto\u0161ana M\u0113s iev\u0101cam un apstr\u0101d\u0101jam \u0161\u0101dus personas datus: V\u0101rds un [&hellip;]<\/p>\n<div class='heateorSssClear'><\/div><div  class='heateor_sss_sharing_container heateor_sss_horizontal_sharing' data-heateor-sss-href='https:\/\/daylapu.lv\/lv\/privatuma-politika'><div class='heateor_sss_sharing_title' style=\"font-weight:bold\" >\u0420\u0430\u0441\u0441\u043a\u0430\u0436\u0438\u0442\u0435 \u043e\u0431 \u044d\u0442\u043e\u043c \u0434\u0440\u0443\u0437\u044c\u044f\u043c!<\/div><div class=\"heateor_sss_sharing_ul\"><a aria-label=\"Facebook\" class=\"heateor_sss_facebook\" href=\"https:\/\/www.facebook.com\/sharer\/sharer.php?u=https%3A%2F%2Fdaylapu.lv%2Flv%2Fprivatuma-politika\" title=\"Facebook\" rel=\"nofollow noopener\" target=\"_blank\" style=\"font-size:32px!important;box-shadow:none;display:inline-block;vertical-align:middle\"><span class=\"heateor_sss_svg\" style=\"background-color:#0765FE;width:35px;height:35px;display:inline-block;opacity:1;float:left;font-size:32px;box-shadow:none;display:inline-block;font-size:16px;padding:0 4px;vertical-align:middle;background-repeat:repeat;overflow:hidden;padding:0;cursor:pointer;box-sizing:content-box\"><svg style=\"display:block;\" focusable=\"false\" aria-hidden=\"true\" xmlns=\"http:\/\/www.w3.org\/2000\/svg\" width=\"100%\" height=\"100%\" viewBox=\"0 0 32 32\"><path fill=\"#fff\" d=\"M28 16c0-6.627-5.373-12-12-12S4 9.373 4 16c0 5.628 3.875 10.35 9.101 11.647v-7.98h-2.474V16H13.1v-1.58c0-4.085 1.849-5.978 5.859-5.978.76 0 2.072.15 2.608.298v3.325c-.283-.03-.775-.045-1.386-.045-1.967 0-2.728.745-2.728 2.683V16h3.92l-.673 3.667h-3.247v8.245C23.395 27.195 28 22.135 28 16Z\"><\/path><\/svg><\/span><\/a><a aria-label=\"Whatsapp\" class=\"heateor_sss_whatsapp\" href=\"https:\/\/api.whatsapp.com\/send?text=Priv%C4%81tuma%20politika%20https%3A%2F%2Fdaylapu.lv%2Flv%2Fprivatuma-politika\" title=\"Whatsapp\" rel=\"nofollow noopener\" target=\"_blank\" style=\"font-size:32px!important;box-shadow:none;display:inline-block;vertical-align:middle\"><span class=\"heateor_sss_svg\" style=\"background-color:#55eb4c;width:35px;height:35px;display:inline-block;opacity:1;float:left;font-size:32px;box-shadow:none;display:inline-block;font-size:16px;padding:0 4px;vertical-align:middle;background-repeat:repeat;overflow:hidden;padding:0;cursor:pointer;box-sizing:content-box\"><svg style=\"display:block;\" focusable=\"false\" aria-hidden=\"true\" xmlns=\"http:\/\/www.w3.org\/2000\/svg\" width=\"100%\" height=\"100%\" viewBox=\"-6 -5 40 40\"><path class=\"heateor_sss_svg_stroke heateor_sss_no_fill\" stroke=\"#fff\" stroke-width=\"2\" fill=\"none\" d=\"M 11.579798566743314 24.396926207859085 A 10 10 0 1 0 6.808479557110079 20.73576436351046\"><\/path><path d=\"M 7 19 l -1 6 l 6 -1\" class=\"heateor_sss_no_fill heateor_sss_svg_stroke\" stroke=\"#fff\" stroke-width=\"2\" fill=\"none\"><\/path><path d=\"M 10 10 q -1 8 8 11 c 5 -1 0 -6 -1 -3 q -4 -3 -5 -5 c 4 -2 -1 -5 -1 -4\" fill=\"#fff\"><\/path><\/svg><\/span><\/a><a aria-label=\"Draugiem\" class=\"heateor_sss_button_draugiem\" href=\"https:\/\/www.draugiem.lv\/say\/ext\/add.php?link=https%3A%2F%2Fdaylapu.lv%2Flv%2Fprivatuma-politika&title=Priv%C4%81tuma%20politika\" title=\"Draugiem\" rel=\"nofollow noopener\" target=\"_blank\" style=\"font-size:32px!important;box-shadow:none;display:inline-block;vertical-align:middle\"><span class=\"heateor_sss_svg heateor_sss_s__default heateor_sss_s_draugiem\" style=\"background-color:#ffad66;width:35px;height:35px;display:inline-block;opacity:1;float:left;font-size:32px;box-shadow:none;display:inline-block;font-size:16px;padding:0 4px;vertical-align:middle;background-repeat:repeat;overflow:hidden;padding:0;cursor:pointer;box-sizing:content-box\"><svg style=\"display:block;\" focusable=\"false\" aria-hidden=\"true\" xmlns=\"http:\/\/www.w3.org\/2000\/svg\" width=\"100%\" height=\"100%\" viewBox=\"-4 -4 40 40\"><path fill=\"#fff\" d=\"M21.55 11.33c4.656.062 7.374 2.92 4.294 6.828-1.415 1.798-3.812 3.575-7.003 4.725-.15.056-.303.105-.46.16-.3.098-.595.188-.89.28a24.866 24.866 0 0 1-4.05.814c-.464.043-.91.078-1.35.085-2.97.077-5.205-.74-5.93-2.474-.88-2.077.9-4.976 4.454-7.178-2.627 1.06-7.408 3.546-7.61 7.12v.454c.02.362.09.725.21 1.108.76 2.41 4.333 3.533 8.884 3.13.446-.036.892-.092 1.352-.16.66-.1 1.337-.23 2.027-.39a35.76 35.76 0 0 0 2.02-.558c.154-.056.3-.098.454-.153.31-.094.608-.2.9-.31 3.945-1.436 6.87-3.34 8.58-5.526.975-1.253 1.476-2.424 1.574-3.448v-.787c-.28-2.61-3.317-4.135-7.45-3.717zm-3.024-1.29c.11 0 .21-.014.307-.035.662-.167.983-.87 1.01-1.7.028-.885-.286-1.624-1.01-1.728-.063-.014-.125-.014-.195-.014-.578 0-.955.348-1.157.857-.094.265-.16.564-.163.885-.014.383.034.745.167 1.038.196.418.53.697 1.046.697zm-.014.292c-.293 0-.544.028-.76.084l.063.084.11.202.092.21.077.215.056.223.035.223.02.23.008.223v.237l-.014.23-.018.23-.028.23-.028.23-.043.23-.042.23-.04.223-.056.223-.042.212-.056.21-.057.2-.057.196-.042.19-.04.18-.02.11-.03.125-.028.132-.02.14-.03.152-.02.124v.03l-.028.166-.056.21-.02.172-.03.18-.02.182-.03.18-.02.19-.03.18-.02.188-.02.188-.02.19v.007c.04.537.082.997.103 1.26.02.3.085.517.18.663.14.215.378.292.706.32.28-.028.487-.084.647-.23.153-.14.237-.376.3-.753.118-.774.467-3.31.767-4.397.425-1.568 1.456-4.418-1.066-4.634-.122-.024-.226-.024-.338-.024zm-3.06-.8h.015c.976-.008 1.436-.9 1.436-1.994s-.46-1.993-1.436-2h-.014c-.99 0-1.45.9-1.45 2s.46 1.993 1.45 1.993zm-2.013 4.626c.09.383.18.732.254 1.052.307 1.254.606 4.16.718 5.038.105.885.418 1.073 1.052 1.136.62-.063.94-.25 1.045-1.136.105-.878.41-3.79.71-5.038.08-.314.175-.67.266-1.052.28-1.15.502-2.495 0-3.366-.32-.557-.94-.92-2.02-.92-1.088 0-1.708.37-2.03.92-.5.864-.27 2.216 0 3.366zm-1.35-4.153c.1.02.196.035.308.035.516 0 .857-.28 1.045-.704.118-.293.174-.655.167-1.038a2.96 2.96 0 0 0-.167-.885c-.202-.51-.585-.857-1.157-.857-.07 0-.134 0-.197.014-.725.105-1.045.843-1.01 1.728.02.836.35 1.54 1.01 1.707zm-.3 9.373c.057.376.154.606.3.753.16.157.37.206.65.23.33-.024.557-.1.704-.32.09-.14.153-.36.18-.66.022-.264.064-.72.106-1.253v-.014l-.02-.187-.02-.188-.03-.188-.02-.18-.02-.19-.03-.18-.02-.18-.03-.183-.025-.174-.02-.166-.03-.167v-.02l-.02-.133-.028-.153-.028-.14-.024-.13-.028-.125-.03-.11-.034-.184-.056-.188-.04-.196-.058-.203-.056-.21-.056-.215-.04-.223-.057-.225-.04-.23-.033-.23-.028-.23-.03-.23-.02-.23-.008-.237v-.23l.007-.223.02-.23.034-.223.056-.222.07-.216.1-.21.11-.2.065-.085a3.128 3.128 0 0 0-.76-.083c-.11 0-.216 0-.32.014-2.524.216-1.492 3.066-1.067 4.634.262 1.054.603 3.59.728 4.364z\"\/><\/svg><\/span><\/a><a aria-label=\"Telegram\" class=\"heateor_sss_button_telegram\" href=\"https:\/\/telegram.me\/share\/url?url=https%3A%2F%2Fdaylapu.lv%2Flv%2Fprivatuma-politika&text=Priv%C4%81tuma%20politika\" title=\"Telegram\" rel=\"nofollow noopener\" target=\"_blank\" style=\"font-size:32px!important;box-shadow:none;display:inline-block;vertical-align:middle\"><span class=\"heateor_sss_svg heateor_sss_s__default heateor_sss_s_telegram\" style=\"background-color:#3da5f1;width:35px;height:35px;display:inline-block;opacity:1;float:left;font-size:32px;box-shadow:none;display:inline-block;font-size:16px;padding:0 4px;vertical-align:middle;background-repeat:repeat;overflow:hidden;padding:0;cursor:pointer;box-sizing:content-box\"><svg style=\"display:block;\" focusable=\"false\" aria-hidden=\"true\" xmlns=\"http:\/\/www.w3.org\/2000\/svg\" width=\"100%\" height=\"100%\" viewBox=\"0 0 32 32\"><path fill=\"#fff\" d=\"M25.515 6.896L6.027 14.41c-1.33.534-1.322 1.276-.243 1.606l5 1.56 1.72 5.66c.226.625.115.873.77.873.506 0 .73-.235 1.012-.51l2.43-2.363 5.056 3.734c.93.514 1.602.25 1.834-.863l3.32-15.638c.338-1.363-.52-1.98-1.41-1.577z\"><\/path><\/svg><\/span><\/a><a aria-label=\"Instagram\" class=\"heateor_sss_button_instagram\" href=\"https:\/\/www.instagram.com\/\" title=\"Instagram\" rel=\"nofollow noopener\" target=\"_blank\" style=\"font-size:32px!important;box-shadow:none;display:inline-block;vertical-align:middle\"><span class=\"heateor_sss_svg\" style=\"background-color:#53beee;width:35px;height:35px;display:inline-block;opacity:1;float:left;font-size:32px;box-shadow:none;display:inline-block;font-size:16px;padding:0 4px;vertical-align:middle;background-repeat:repeat;overflow:hidden;padding:0;cursor:pointer;box-sizing:content-box\"><svg style=\"display:block;\" version=\"1.1\" viewBox=\"-10 -10 148 148\" width=\"100%\" height=\"100%\" xml:space=\"preserve\" xmlns=\"http:\/\/www.w3.org\/2000\/svg\" xmlns:xlink=\"http:\/\/www.w3.org\/1999\/xlink\"><g><g><path d=\"M86,112H42c-14.336,0-26-11.663-26-26V42c0-14.337,11.664-26,26-26h44c14.337,0,26,11.663,26,26v44 C112,100.337,100.337,112,86,112z M42,24c-9.925,0-18,8.074-18,18v44c0,9.925,8.075,18,18,18h44c9.926,0,18-8.075,18-18V42 c0-9.926-8.074-18-18-18H42z\" fill=\"#fff\"><\/path><\/g><g><path d=\"M64,88c-13.234,0-24-10.767-24-24c0-13.234,10.766-24,24-24s24,10.766,24,24C88,77.233,77.234,88,64,88z M64,48c-8.822,0-16,7.178-16,16s7.178,16,16,16c8.822,0,16-7.178,16-16S72.822,48,64,48z\" fill=\"#fff\"><\/path><\/g><g><circle cx=\"89.5\" cy=\"38.5\" fill=\"#fff\" r=\"5.5\"><\/circle><\/g><\/g><\/svg><\/span><\/a><a target=\"_blank\" aria-label=\"Facebook Messenger\" class=\"heateor_sss_button_facebook_messenger\" href=\"https:\/\/www.facebook.com\/dialog\/send?app_id=1904103319867886&display=popup&link=https%3A%2F%2Fdaylapu.lv%2Flv%2Fprivatuma-politika&redirect_uri=https%3A%2F%2Fdaylapu.lv%2Flv%2Fprivatuma-politika\" style=\"font-size:32px!important;box-shadow:none;display:inline-block;vertical-align:middle\"><span class=\"heateor_sss_svg heateor_sss_s__default heateor_sss_s_facebook_messenger\" style=\"background-color:#0084ff;width:35px;height:35px;display:inline-block;opacity:1;float:left;font-size:32px;box-shadow:none;display:inline-block;font-size:16px;padding:0 4px;vertical-align:middle;background-repeat:repeat;overflow:hidden;padding:0;cursor:pointer;box-sizing:content-box\"><svg style=\"display:block;\" focusable=\"false\" aria-hidden=\"true\" xmlns=\"http:\/\/www.w3.org\/2000\/svg\" width=\"100%\" height=\"100%\" viewBox=\"-2 -2 36 36\"><path fill=\"#fff\" d=\"M16 5C9.986 5 5.11 9.56 5.11 15.182c0 3.2 1.58 6.054 4.046 7.92V27l3.716-2.06c.99.276 2.04.425 3.128.425 6.014 0 10.89-4.56 10.89-10.183S22.013 5 16 5zm1.147 13.655L14.33 15.73l-5.423 3 5.946-6.31 2.816 2.925 5.42-3-5.946 6.31z\"\/><\/svg><\/span><\/a><\/div><div class=\"heateorSssClear\"><\/div><\/div><div class='heateorSssClear'><\/div>","protected":false},"author":1,"featured_media":0,"parent":0,"menu_order":0,"comment_status":"closed","ping_status":"closed","template":"","meta":{"_acf_changed":false,"inline_featured_image":false,"pgc_sgb_lightbox_settings":"","footnotes":""},"class_list":["post-3616","page","type-page","status-publish","hentry"],"acf":[],"yoast_head":"<!-- This site is optimized with the Yoast SEO plugin v25.5 - https:\/\/yoast.com\/wordpress\/plugins\/seo\/ -->\n<title>Priv\u0101tuma politika - Daylapu.lv<\/title>\n<meta name=\"robots\" content=\"index, follow, max-snippet:-1, max-image-preview:large, max-video-preview:-1\" \/>\n<link rel=\"canonical\" href=\"https:\/\/daylapu.lv\/lv\/privatuma-politika\" \/>\n<meta property=\"og:locale\" content=\"lv_LV\" \/>\n<meta property=\"og:type\" content=\"article\" \/>\n<meta property=\"og:title\" content=\"Priv\u0101tuma politika - Daylapu.lv\" \/>\n<meta property=\"og:description\" content=\"Priv\u0101tuma politika \u0160\u012b priv\u0101tuma politika apraksta, k\u0101 j\u016bsu personas dati tiek apstr\u0101d\u0101ti un aizsarg\u0101ti m\u016bsu vietn\u0113 https:\/\/daylapu.lv\/. M\u0113s esam bezpe\u013c\u0146as organiz\u0101cija, kas nodarbojas ar dz\u012bvnieku gl\u0101b\u0161anu, un esam ap\u0146\u0113mu\u0161ies aizsarg\u0101t j\u016bsu personas datus saska\u0146\u0101 ar Latvijas un Eiropas Savien\u012bbas likumiem. \u00a01. Personas datu iev\u0101k\u0161ana un izmanto\u0161ana M\u0113s iev\u0101cam un apstr\u0101d\u0101jam \u0161\u0101dus personas datus: V\u0101rds un [&hellip;]\" \/>\n<meta property=\"og:url\" content=\"https:\/\/daylapu.lv\/lv\/privatuma-politika\" \/>\n<meta property=\"og:site_name\" content=\"Daylapu.lv\" \/>\n<meta property=\"article:publisher\" content=\"https:\/\/www.facebook.com\/profile.php?id=61577811721263\" \/>\n<meta property=\"article:modified_time\" content=\"2024-12-08T18:01:19+00:00\" \/>\n<meta name=\"twitter:card\" content=\"summary_large_image\" \/>\n<meta name=\"twitter:label1\" content=\"Est. reading time\" \/>\n\t<meta name=\"twitter:data1\" content=\"4 minutes\" \/>\n<script type=\"application\/ld+json\" class=\"yoast-schema-graph\">{\"@context\":\"https:\/\/schema.org\",\"@graph\":[{\"@type\":\"WebPage\",\"@id\":\"https:\/\/daylapu.lv\/lv\/privatuma-politika\",\"url\":\"https:\/\/daylapu.lv\/lv\/privatuma-politika\",\"name\":\"Priv\u0101tuma politika - Daylapu.lv\",\"isPartOf\":{\"@id\":\"https:\/\/daylapu.lv\/lv#website\"},\"datePublished\":\"2024-10-11T08:16:48+00:00\",\"dateModified\":\"2024-12-08T18:01:19+00:00\",\"breadcrumb\":{\"@id\":\"https:\/\/daylapu.lv\/lv\/privatuma-politika#breadcrumb\"},\"inLanguage\":\"lv-LV\",\"potentialAction\":[{\"@type\":\"ReadAction\",\"target\":[\"https:\/\/daylapu.lv\/lv\/privatuma-politika\"]}]},{\"@type\":\"BreadcrumbList\",\"@id\":\"https:\/\/daylapu.lv\/lv\/privatuma-politika#breadcrumb\",\"itemListElement\":[{\"@type\":\"ListItem\",\"position\":1,\"name\":\"\u0413\u043b\u0430\u0432\u043d\u0430\u044f \u0441\u0442\u0440\u0430\u043d\u0438\u0446\u0430\",\"item\":\"https:\/\/daylapu.lv\/lv\"},{\"@type\":\"ListItem\",\"position\":2,\"name\":\"Priv\u0101tuma politika\"}]},{\"@type\":\"WebSite\",\"@id\":\"https:\/\/daylapu.lv\/lv#website\",\"url\":\"https:\/\/daylapu.lv\/lv\",\"name\":\"Daylapu.lv\",\"description\":\"Br\u012bvpr\u0101t\u012bgie dz\u012bvnieku draugi - Cen\u0161amies su\u0146iem atgriezt tic\u012bbu cilv\u0113kam.\",\"publisher\":{\"@id\":\"https:\/\/daylapu.lv\/lv#organization\"},\"potentialAction\":[{\"@type\":\"SearchAction\",\"target\":{\"@type\":\"EntryPoint\",\"urlTemplate\":\"https:\/\/daylapu.lv\/lv?s={search_term_string}\"},\"query-input\":{\"@type\":\"PropertyValueSpecification\",\"valueRequired\":true,\"valueName\":\"search_term_string\"}}],\"inLanguage\":\"lv-LV\"},{\"@type\":\"Organization\",\"@id\":\"https:\/\/daylapu.lv\/lv#organization\",\"name\":\"Daylapu.lv\",\"url\":\"https:\/\/daylapu.lv\/lv\",\"logo\":{\"@type\":\"ImageObject\",\"inLanguage\":\"lv-LV\",\"@id\":\"https:\/\/daylapu.lv\/lv#\/schema\/logo\/image\/\",\"url\":\"https:\/\/daylapu.lv\/wp-content\/uploads\/2025\/07\/daylapu.lv-12.png\",\"contentUrl\":\"https:\/\/daylapu.lv\/wp-content\/uploads\/2025\/07\/daylapu.lv-12.png\",\"width\":320,\"height\":320,\"caption\":\"Daylapu.lv\"},\"image\":{\"@id\":\"https:\/\/daylapu.lv\/lv#\/schema\/logo\/image\/\"},\"sameAs\":[\"https:\/\/www.facebook.com\/profile.php?id=61577811721263\",\"https:\/\/www.instagram.com\/daylapu.lv\/\",\"https:\/\/www.tiktok.com\/@daylapu.lv\"]}]}<\/script>\n<!-- \/ Yoast SEO plugin. -->","yoast_head_json":{"title":"Priv\u0101tuma politika - Daylapu.lv","robots":{"index":"index","follow":"follow","max-snippet":"max-snippet:-1","max-image-preview":"max-image-preview:large","max-video-preview":"max-video-preview:-1"},"canonical":"https:\/\/daylapu.lv\/lv\/privatuma-politika","og_locale":"lv_LV","og_type":"article","og_title":"Priv\u0101tuma politika - Daylapu.lv","og_description":"Priv\u0101tuma politika \u0160\u012b priv\u0101tuma politika apraksta, k\u0101 j\u016bsu personas dati tiek apstr\u0101d\u0101ti un aizsarg\u0101ti m\u016bsu vietn\u0113 https:\/\/daylapu.lv\/. M\u0113s esam bezpe\u013c\u0146as organiz\u0101cija, kas nodarbojas ar dz\u012bvnieku gl\u0101b\u0161anu, un esam ap\u0146\u0113mu\u0161ies aizsarg\u0101t j\u016bsu personas datus saska\u0146\u0101 ar Latvijas un Eiropas Savien\u012bbas likumiem. \u00a01. Personas datu iev\u0101k\u0161ana un izmanto\u0161ana M\u0113s iev\u0101cam un apstr\u0101d\u0101jam \u0161\u0101dus personas datus: V\u0101rds un [&hellip;]","og_url":"https:\/\/daylapu.lv\/lv\/privatuma-politika","og_site_name":"Daylapu.lv","article_publisher":"https:\/\/www.facebook.com\/profile.php?id=61577811721263","article_modified_time":"2024-12-08T18:01:19+00:00","twitter_card":"summary_large_image","twitter_misc":{"Est. reading time":"4 minutes"},"schema":{"@context":"https:\/\/schema.org","@graph":[{"@type":"WebPage","@id":"https:\/\/daylapu.lv\/lv\/privatuma-politika","url":"https:\/\/daylapu.lv\/lv\/privatuma-politika","name":"Priv\u0101tuma politika - Daylapu.lv","isPartOf":{"@id":"https:\/\/daylapu.lv\/lv#website"},"datePublished":"2024-10-11T08:16:48+00:00","dateModified":"2024-12-08T18:01:19+00:00","breadcrumb":{"@id":"https:\/\/daylapu.lv\/lv\/privatuma-politika#breadcrumb"},"inLanguage":"lv-LV","potentialAction":[{"@type":"ReadAction","target":["https:\/\/daylapu.lv\/lv\/privatuma-politika"]}]},{"@type":"BreadcrumbList","@id":"https:\/\/daylapu.lv\/lv\/privatuma-politika#breadcrumb","itemListElement":[{"@type":"ListItem","position":1,"name":"\u0413\u043b\u0430\u0432\u043d\u0430\u044f \u0441\u0442\u0440\u0430\u043d\u0438\u0446\u0430","item":"https:\/\/daylapu.lv\/lv"},{"@type":"ListItem","position":2,"name":"Priv\u0101tuma politika"}]},{"@type":"WebSite","@id":"https:\/\/daylapu.lv\/lv#website","url":"https:\/\/daylapu.lv\/lv","name":"Daylapu.lv","description":"Br\u012bvpr\u0101t\u012bgie dz\u012bvnieku draugi - Cen\u0161amies su\u0146iem atgriezt tic\u012bbu cilv\u0113kam.","publisher":{"@id":"https:\/\/daylapu.lv\/lv#organization"},"potentialAction":[{"@type":"SearchAction","target":{"@type":"EntryPoint","urlTemplate":"https:\/\/daylapu.lv\/lv?s={search_term_string}"},"query-input":{"@type":"PropertyValueSpecification","valueRequired":true,"valueName":"search_term_string"}}],"inLanguage":"lv-LV"},{"@type":"Organization","@id":"https:\/\/daylapu.lv\/lv#organization","name":"Daylapu.lv","url":"https:\/\/daylapu.lv\/lv","logo":{"@type":"ImageObject","inLanguage":"lv-LV","@id":"https:\/\/daylapu.lv\/lv#\/schema\/logo\/image\/","url":"https:\/\/daylapu.lv\/wp-content\/uploads\/2025\/07\/daylapu.lv-12.png","contentUrl":"https:\/\/daylapu.lv\/wp-content\/uploads\/2025\/07\/daylapu.lv-12.png","width":320,"height":320,"caption":"Daylapu.lv"},"image":{"@id":"https:\/\/daylapu.lv\/lv#\/schema\/logo\/image\/"},"sameAs":["https:\/\/www.facebook.com\/profile.php?id=61577811721263","https:\/\/www.instagram.com\/daylapu.lv\/","https:\/\/www.tiktok.com\/@daylapu.lv"]}]}},"_links":{"self":[{"href":"https:\/\/daylapu.lv\/lv\/wp-json\/wp\/v2\/pages\/3616","targetHints":{"allow":["GET"]}}],"collection":[{"href":"https:\/\/daylapu.lv\/lv\/wp-json\/wp\/v2\/pages"}],"about":[{"href":"https:\/\/daylapu.lv\/lv\/wp-json\/wp\/v2\/types\/page"}],"author":[{"embeddable":true,"href":"https:\/\/daylapu.lv\/lv\/wp-json\/wp\/v2\/users\/1"}],"replies":[{"embeddable":true,"href":"https:\/\/daylapu.lv\/lv\/wp-json\/wp\/v2\/comments?post=3616"}],"version-history":[{"count":17,"href":"https:\/\/daylapu.lv\/lv\/wp-json\/wp\/v2\/pages\/3616\/revisions"}],"predecessor-version":[{"id":3896,"href":"https:\/\/daylapu.lv\/lv\/wp-json\/wp\/v2\/pages\/3616\/revisions\/3896"}],"wp:attachment":[{"href":"https:\/\/daylapu.lv\/lv\/wp-json\/wp\/v2\/media?parent=3616"}],"curies":[{"name":"wp","href":"https:\/\/api.w.org\/{rel}","templated":true}]}}